{"id":2209,"date":"2024-02-27T23:02:15","date_gmt":"2024-02-27T22:02:15","guid":{"rendered":"https:\/\/tresor.mr\/?page_id=2209"},"modified":"2024-06-07T10:35:36","modified_gmt":"2024-06-07T08:35:36","slug":"mot-du-directeur-general","status":"publish","type":"page","link":"https:\/\/tresor.mr\/ar\/mot-du-directeur-general\/","title":{"rendered":"\u0643\u0644\u0645\u0629 \u0627\u0644\u0645\u062f\u064a\u0631 \u0627\u0644\u0639\u0627\u0645"},"content":{"rendered":"<div data-elementor-type=\"wp-page\" data-elementor-id=\"2209\" class=\"elementor elementor-2209\" data-elementor-post-type=\"page\">\n\t\t\t\t\t\t\t\t\t<section class=\"elementor-section elementor-top-section elementor-element elementor-element-4616816a elementor-section-full_width elementor-section-height-default elementor-section-height-default\" data-id=\"4616816a\" data-element_type=\"section\" data-settings=\"{&quot;background_background&quot;:&quot;classic&quot;}\">\n\t\t\t\t\t\t<div class=\"elementor-container elementor-column-gap-default\">\n\t\t\t\t\t<div class=\"elementor-column elementor-col-100 elementor-top-column elementor-element elementor-element-668c491\" data-id=\"668c491\" data-element_type=\"column\">\n\t\t\t<div class=\"elementor-widget-wrap elementor-element-populated\">\n\t\t\t\t\t\t\t\t<div class=\"elementor-element elementor-element-8398adf elementor-widget elementor-widget-text-editor\" data-id=\"8398adf\" data-element_type=\"widget\" data-widget_type=\"text-editor.default\">\n\t\t\t\t<div class=\"elementor-widget-container\">\n\t\t\t\t\t\t\t<!-- wp:paragraph -->\n<div class=\"pt-4 pb-4 page-header\">\n<div class=\"container\">\n<div class=\"row\">\n<div class=\"col-md-12\">\n<h2 class=\"cat-title text-uppercase font-weight-bold text-center\">\u0627\u0644\u062e\u0632\u064a\u0646\u0629 \u0627\u0644\u0639\u0627\u0645\u0629<\/h2>\n<\/div>\n<\/div>\n<\/div>\n<\/div>\n<!-- \/wp:paragraph -->\t\t\t\t\t\t<\/div>\n\t\t\t\t<\/div>\n\t\t\t\t\t<\/div>\n\t\t<\/div>\n\t\t\t\t\t\t\t<\/div>\n\t\t<\/section>\n\t\t\t\t<section class=\"elementor-section elementor-top-section elementor-element elementor-element-755ee63 elementor-section-boxed elementor-section-height-default elementor-section-height-default\" data-id=\"755ee63\" data-element_type=\"section\" data-settings=\"{&quot;background_background&quot;:&quot;classic&quot;}\">\n\t\t\t\t\t\t<div class=\"elementor-container elementor-column-gap-default\">\n\t\t\t\t\t<div class=\"elementor-column elementor-col-50 elementor-top-column elementor-element elementor-element-86ad595 presedent\" data-id=\"86ad595\" data-element_type=\"column\" data-settings=\"{&quot;background_background&quot;:&quot;classic&quot;}\">\n\t\t\t<div class=\"elementor-widget-wrap elementor-element-populated\">\n\t\t\t\t\t\t\t\t<div class=\"elementor-element elementor-element-b8a5cc0 elementor-widget elementor-widget-heading\" data-id=\"b8a5cc0\" data-element_type=\"widget\" data-widget_type=\"heading.default\">\n\t\t\t\t<div class=\"elementor-widget-container\">\n\t\t\t<h2 class=\"elementor-heading-title elementor-size-default\">\u0627\u0644\u0645\u062f\u064a\u0631 \u0627\u0644\u0639\u0627\u0645<\/h2>\t\t<\/div>\n\t\t\t\t<\/div>\n\t\t\t\t<div class=\"elementor-element elementor-element-6e557d3 elementor-widget elementor-widget-image\" data-id=\"6e557d3\" data-element_type=\"widget\" data-widget_type=\"image.default\">\n\t\t\t\t<div class=\"elementor-widget-container\">\n\t\t\t\t\t\t\t\t\t\t\t\t\t\t\t<img fetchpriority=\"high\" decoding=\"async\" width=\"408\" height=\"608\" src=\"https:\/\/tresor.mr\/wp-content\/uploads\/2024\/04\/MR_Plan-de-travail-1.jpg\" class=\"attachment-large size-large wp-image-5041\" alt=\"\" \/>\t\t\t\t\t\t\t\t\t\t\t\t\t\t\t<\/div>\n\t\t\t\t<\/div>\n\t\t\t\t<div class=\"elementor-element elementor-element-8884f2c elementor-widget elementor-widget-text-editor\" data-id=\"8884f2c\" data-element_type=\"widget\" data-widget_type=\"text-editor.default\">\n\t\t\t\t<div class=\"elementor-widget-container\">\n\t\t\t\t\t\t\t\t\t\t\t\t\t<\/div>\n\t\t\t\t<\/div>\n\t\t\t\t\t<\/div>\n\t\t<\/div>\n\t\t\t\t<div class=\"elementor-column elementor-col-50 elementor-top-column elementor-element elementor-element-1f5917f\" data-id=\"1f5917f\" data-element_type=\"column\" data-settings=\"{&quot;background_background&quot;:&quot;classic&quot;}\">\n\t\t\t<div class=\"elementor-widget-wrap elementor-element-populated\">\n\t\t\t\t\t\t\t\t<div class=\"elementor-element elementor-element-2e1dc27 elementor-widget elementor-widget-heading\" data-id=\"2e1dc27\" data-element_type=\"widget\" data-widget_type=\"heading.default\">\n\t\t\t\t<div class=\"elementor-widget-container\">\n\t\t\t<h5 class=\"elementor-heading-title elementor-size-default\"><header style=\"color: rgb(112, 112, 112);text-align:center; font-family: Montserrat, sans-serif; font-size: 10px; font-weight: 400; white-space-collapse: collapse;\"><h4 style=\"font-weight: 200; line-height: 1.2; font-size: 1.05rem; color: rgb(203, 148, 0); text-transform: uppercase; padding-bottom: 7px;\">\u0643\u0644\u0645\u0629 \u0627\u0644\u0645\u062f\u064a\u0631 \u0627\u0644\u0639\u0627\u0645<\/h4><\/header><\/h5>\t\t<\/div>\n\t\t\t\t<\/div>\n\t\t\t\t<div class=\"elementor-element elementor-element-bb8068f elementor-widget elementor-widget-text-editor\" data-id=\"bb8068f\" data-element_type=\"widget\" data-no-translation=\"\" data-widget_type=\"text-editor.default\">\n\t\t\t\t<div class=\"elementor-widget-container\">\n\t\t\t<style>.elementor-element-bb8068f{display:none !important}<\/style>\t\t<\/div>\n\t\t\t\t<\/div>\n\t\t\t\t<div class=\"elementor-element elementor-element-862a243 elementor-widget elementor-widget-text-editor\" data-id=\"862a243\" data-element_type=\"widget\" data-no-translation=\"\" data-widget_type=\"text-editor.default\">\n\t\t\t\t<div class=\"elementor-widget-container\">\n\t\t\t\t\t\t\t<p><span style=\"font-weight: 400;\">\u060c\u0623\u0639\u0632\u0627\u0626\u064a \u0627\u0644\u0632\u0648\u0627\u0631\u00a0<\/span><\/p>\n<p><span style=\"font-weight: 400;\">\u064a\u0633\u0639\u062f\u0646\u064a \u0623\u0646 \u0623\u0631\u062d\u0628 \u0628\u0643\u0645 \u0641\u064a \u0647\u0630\u0647 \u0627\u0644\u0645\u0646\u0635\u0629 \u0627\u0644\u062a\u064a \u062a\u0639\u0643\u0633 \u0625\u0631\u0627\u062f\u0629 \u0627\u0644\u0645\u062f\u064a\u0631\u064a\u0629 \u0627\u0644\u0639\u0627\u0645\u0629 \u0644\u0644\u062e\u0632\u064a\u0646\u0629 \u0648\u0627\u0644\u0645\u062d\u0627\u0633\u0628\u0629 \u0627\u0644\u0639\u0645\u0648\u0645\u064a\u0629 \u0641\u064a \u0627\u0645\u062a\u062b\u0627\u0644 \u062a\u0639\u0644\u064a\u0645\u0627\u062a \u0645\u0639\u0627\u0644\u064a \u0648\u0632\u064a\u0631 \u0627\u0644\u0645\u0627\u0644\u064a\u0629 \u0628\u062a\u0646\u0641\u064a\u0630 \u0627\u0644\u062a\u0632\u0627\u0645\u0627\u062a \u0641\u062e\u0627\u0645\u0629 \u0631\u0626\u064a\u0633 \u0627\u0644\u062c\u0645\u0647\u0648\u0631\u064a\u0629 \u0627\u0644\u0633\u064a\u062f \u0645\u062d\u0645\u062f \u0648\u0644\u062f \u0627\u0644\u0634\u064a\u062e \u0627\u0644\u063a\u0632\u0648\u0627\u0646\u064a \u0628\u0634\u0623\u0646 \u0627\u0644\u0634\u0641\u0627\u0641\u064a\u0629 \u0648\u0627\u0644\u0642\u0631\u0628 \u0645\u0646 \u0627\u0644\u0645\u0648\u0627\u0637\u0646 \u0648\u0639\u0635\u0631\u0646\u0629 \u0627\u0644\u0627\u062f\u0627\u0631\u0629.<\/span><\/p>\n<p><span style=\"font-weight: 400;\">\u0641\u0647\u0630\u0627 \u0627\u0644\u0645\u0648\u0642\u0639 \u0639\u0628\u0627\u0631\u0629 \u0639\u0646 \u0645\u0633\u0627\u062d\u0629 \u062a\u0639\u062a\u0645\u062f \u0639\u0644\u0649 \u0628\u0646\u064a\u0629 \u062d\u062f\u064a\u062b\u0629 \u0645\u0639 \u0645\u0639\u0644\u0648\u0645\u0627\u062a \u064a\u0633\u0647\u0644 \u0627\u0644\u0648\u0635\u0648\u0644 \u0625\u0644\u064a\u0647\u0627 \u0648\u062a\u062d\u062f\u064a\u062b\u0647\u0627 \u0628\u0634\u0643\u0644 \u0645\u0633\u062a\u0645\u0631\u060c \u064a\u0633\u0645\u062d \u0644\u0639\u0627\u0645\u0629 \u0627\u0644\u0646\u0627\u0633 \u0648\u0644\u0644\u0634\u0631\u0643\u0627\u0621 \u0628\u062a\u0642\u064a\u064a\u0645 \u0625\u0646\u062c\u0627\u0632\u0627\u062a \u0627\u0644\u0645\u062f\u064a\u0631\u064a\u0629 \u0627\u0644\u0639\u0627\u0645\u0629 \u0644\u0644\u062e\u0632\u064a\u0646\u0629 \u0645\u0646 \u062e\u0644\u0627\u0644 \u0646\u0634\u0631 \u0646\u0634\u0627\u0637\u0627\u062a \u0625\u062f\u0627\u0631\u062a\u0646\u0627. <\/span><span style=\"font-weight: 400;\">\u0643\u0645\u0627 \u064a\u0642\u062f\u0645 \u0623\u064a\u0636\u0627 \u0645\u0639\u0644\u0648\u0645\u0627\u062a \u0645\u062d\u064a\u0646\u0629 \u0639\u0646 \u0627\u0644\u0623\u0646\u0634\u0637\u0629 \u0627\u0644\u0645\u064a\u0632\u0627\u0646\u0648\u064a\u0629 \u0648\u0627\u0644\u0645\u0627\u0644\u064a\u0629 \u0644\u0644\u062f\u0648\u0644\u0629 \u0645\u0646 \u062e\u0644\u0627\u0644 \u0646\u0634\u0631 \u0627\u0644\u0648\u062b\u0627\u0626\u0642 \u0648\u0627\u0644\u062a\u0642\u0627\u0631\u064a\u0631 \u0648\u0645\u062a\u0627\u0628\u0639\u0629 \u062a\u0646\u0641\u064a\u0630 \u0645\u064a\u0632\u0627\u0646\u064a\u0629 \u0627\u0644\u062f\u0648\u0644\u0629 \u0644\u0644\u062c\u0647\u0627\u062a \u0627\u0644\u0645\u0639\u0646\u064a\u0629.<\/span><\/p>\n<p><span style=\"font-weight: 400;\">\u062a\u0623\u062a\u064a \u0647\u0630\u0647 \u0627\u0644\u0628\u0648\u0627\u0628\u0629 \u0623\u064a\u0636\u064b\u0627 \u0644\u062a\u0644\u0628\u064a \u0627\u062d\u062a\u064a\u0627\u062c\u0627\u062a\u0643\u0645 \u0645\u0646 \u0627\u0644\u0645\u0639\u0644\u0648\u0645\u0627\u062a \u0648\u0627\u0644\u062a\u0648\u062c\u064a\u0647\u0627\u062a \u0628\u0641\u0636\u0644 \u062e\u0631\u064a\u0637\u0629 \u0634\u0628\u0643\u062a\u0646\u0627 \u0627\u0644\u0645\u062d\u0627\u0633\u0628\u064a\u0629\u060c \u0648\u0633\u0646\u0648\u0627\u0635\u0644 \u062e\u062f\u0645\u062a\u0643\u0645 \u0639\u0644\u0649 \u062c\u0645\u064a\u0639 \u0623\u0646\u062d\u0627\u0621 \u0627\u0644\u062a\u0631\u0627\u0628 \u0627\u0644\u0648\u0637\u0646\u064a \u0648\u062e\u0627\u0631\u062c\u0647 \u0628\u0641\u0636\u0644 \u062a\u0639\u0628\u0626\u0629 \u0648\u062c\u0647\u0648\u062f \u0641\u0631\u0642\u0646\u0627.<\/span><\/p>\n<p><span style=\"font-weight: 400;\">\u0648\u0639\u0644\u0649 \u0627\u0644\u0631\u063a\u0645 \u0645\u0646 \u0623\u0646\u0647 \u0644\u0627 \u062a\u0632\u0627\u0644 \u0647\u0646\u0627\u0643 \u0627\u0644\u0639\u062f\u064a\u062f \u0645\u0646 \u0627\u0644\u062a\u062d\u062f\u064a\u0627\u062a \u0627\u0644\u062a\u064a \u064a\u062a\u0639\u064a\u0646 \u0627\u0644\u062a\u063a\u0644\u0628 \u0639\u0644\u064a\u0647\u0627\u060c \u0641\u0625\u0646 \u0627\u0644\u0645\u062f\u064a\u0631\u064a\u0629 \u0627\u0644\u0639\u0627\u0645\u0629 \u0644\u0644\u062e\u0632\u064a\u0646\u0629 \u0648\u0627\u0644\u0645\u062d\u0627\u0633\u0628\u0629 \u0627\u0644\u0639\u0645\u0648\u0645\u064a\u0629 \u062a\u0631\u062d\u0628 \u0628\u0639\u0644\u0627\u0642\u0629 \u0627\u0644\u062b\u0642\u0629 \u0627\u0644\u0642\u0627\u0626\u0645\u0629 \u0645\u0639 \u0627\u0644\u0645\u0648\u0627\u0637\u0646\u064a\u0646 \u0648\u062a\u0644\u062a\u0632\u0645 \u0628\u062a\u0639\u0632\u064a\u0632\u0647\u0627 \u0623\u0643\u062b\u0631 \u0628\u0641\u0636\u0644 \u0622\u0631\u0627\u0626\u0643\u0645 \u0648\u0645\u0642\u062a\u0631\u062d\u0627\u062a\u0643\u0645 \u0627\u0644\u062a\u064a \u062a\u0634\u0643\u0644 \u0639\u0627\u0645\u0644 \u0625\u062b\u0631\u0627\u0621.<\/span><\/p>\n<p>\u00a0<\/p>\n<p><span style=\"font-weight: 400;\">\u0623\u0639\u0632\u0627\u0626\u064a \u0627\u0644\u0645\u0648\u0627\u0637\u0646\u064a\u0646 \u0648\u0627\u0644\u0634\u0631\u0643\u0627\u0621 \u0648\u0627\u0644\u0645\u062a\u0639\u0627\u0648\u0646\u064a\u0646\u060c \u0627\u0644\u0645\u062f\u064a\u0631\u064a\u0629 \u0627\u0644\u0639\u0627\u0645\u0629 \u0644\u0644\u062e\u0632\u064a\u0646\u0629 \u0627\u0644\u0645\u062d\u0627\u0633\u0628\u0629 \u0627\u0644\u0639\u0645\u0648\u0645\u064a\u0629 \u062a\u0631\u062d\u0628 \u0628\u0643\u0645.<\/span><\/p>\n<p>\u00a0<\/p>\n<p><b>\u0627\u0644\u0645\u062f\u064a\u0631 \u0627\u0644\u0639\u0627\u0645 \u0644\u0644\u062e\u0632\u064a\u0646\u0629 \u0648\u0627\u0644\u0645\u062d\u0627\u0633\u0628\u0629 \u0627\u0644\u0639\u0645\u0648\u0645\u064a\u0629<\/b><\/p>\n<p><b>\u064a\u062d\u064a \u0635\u062f\u0641\u064a \u0627\u062d\u0645\u064a\u062a\u064a<\/b><\/p>\n<p><br \/><br \/><\/p>\n<p><span style=\"font-weight: 400;\">.<\/span><\/p>\t\t\t\t\t\t<\/div>\n\t\t\t\t<\/div>\n\t\t\t\t\t<\/div>\n\t\t<\/div>\n\t\t\t\t\t\t\t<\/div>\n\t\t<\/section>\n\t\t\t\t\t\t\t<\/div>","protected":false},"excerpt":{"rendered":"<p>LE TR\u00c9SOR Le Directeur g\u00e9n\u00e9ral MOT DU DIRECTEUR G\u00c9N\u00c9RAL Chers visiteurs,C&rsquo;est avec un immense plaisir que je vous accueille sur cette plateforme, qui incarne l&rsquo;engagement de la Direction G\u00e9n\u00e9rale du Tr\u00e9sor et de la Comptabilit\u00e9 Publique (DGTCP) \u00e0 suivre les recommandations du Ministre des Finances pour concr\u00e9tiser les engagements de Son Excellence Monsieur le Pr\u00e9sident &hellip;<\/p>\n<p class=\"read-more\"> <a class=\"\" href=\"https:\/\/tresor.mr\/ar\/mot-du-directeur-general\/\"> <span class=\"screen-reader-text\">\u0643\u0644\u0645\u0629 \u0627\u0644\u0645\u062f\u064a\u0631 \u0627\u0644\u0639\u0627\u0645<\/span> \u0642\u0631\u0627\u0621\u0629 \u0627\u0644\u0645\u0632\u064a\u062f &raquo;<\/a><\/p>","protected":false},"author":1,"featured_media":0,"parent":0,"menu_order":0,"comment_status":"closed","ping_status":"closed","template":"","meta":{"_acf_changed":false,"site-sidebar-layout":"no-sidebar","site-content-layout":"","ast-site-content-layout":"full-width-container","site-content-style":"default","site-sidebar-style":"default","ast-global-header-display":"","ast-banner-title-visibility":"","ast-main-header-display":"","ast-hfb-above-header-display":"","ast-hfb-below-header-display":"","ast-hfb-mobile-header-display":"","site-post-title":"disabled","ast-breadcrumbs-content":"","ast-featured-img":"disabled","footer-sml-layout":"","theme-transparent-header-meta":"","adv-header-id-meta":"","stick-header-meta":"","header-above-stick-meta":"","header-main-stick-meta":"","header-below-stick-meta":"","astra-migrate-meta-layouts":"default","ast-page-background-enabled":"default","ast-page-background-meta":{"desktop":{"background-color":"var(--ast-global-color-4)","background-image":"","background-repeat":"repeat","background-position":"center center","background-size":"auto","background-attachment":"scroll","background-type":"","background-media":"","overlay-type":"","overlay-color":"","overlay-gradient":""},"tablet":{"background-color":"","background-image":"","background-repeat":"repeat","background-position":"center center","background-size":"auto","background-attachment":"scroll","background-type":"","background-media":"","overlay-type":"","overlay-color":"","overlay-gradient":""},"mobile":{"background-color":"","background-image":"","background-repeat":"repeat","background-position":"center center","background-size":"auto","background-attachment":"scroll","background-type":"","background-media":"","overlay-type":"","overlay-color":"","overlay-gradient":""}},"ast-content-background-meta":{"desktop":{"background-color":"var(--ast-global-color-5)","background-image":"","background-repeat":"repeat","background-position":"center center","background-size":"auto","background-attachment":"scroll","background-type":"","background-media":"","overlay-type":"","overlay-color":"","overlay-gradient":""},"tablet":{"background-color":"var(--ast-global-color-5)","background-image":"","background-repeat":"repeat","background-position":"center center","background-size":"auto","background-attachment":"scroll","background-type":"","background-media":"","overlay-type":"","overlay-color":"","overlay-gradient":""},"mobile":{"background-color":"var(--ast-global-color-5)","background-image":"","background-repeat":"repeat","background-position":"center center","background-size":"auto","background-attachment":"scroll","background-type":"","background-media":"","overlay-type":"","overlay-color":"","overlay-gradient":""}},"footnotes":""},"class_list":["post-2209","page","type-page","status-publish","hentry"],"acf":[],"_links":{"self":[{"href":"https:\/\/tresor.mr\/ar\/wp-json\/wp\/v2\/pages\/2209","targetHints":{"allow":["GET"]}}],"collection":[{"href":"https:\/\/tresor.mr\/ar\/wp-json\/wp\/v2\/pages"}],"about":[{"href":"https:\/\/tresor.mr\/ar\/wp-json\/wp\/v2\/types\/page"}],"author":[{"embeddable":true,"href":"https:\/\/tresor.mr\/ar\/wp-json\/wp\/v2\/users\/1"}],"replies":[{"embeddable":true,"href":"https:\/\/tresor.mr\/ar\/wp-json\/wp\/v2\/comments?post=2209"}],"version-history":[{"count":59,"href":"https:\/\/tresor.mr\/ar\/wp-json\/wp\/v2\/pages\/2209\/revisions"}],"predecessor-version":[{"id":6213,"href":"https:\/\/tresor.mr\/ar\/wp-json\/wp\/v2\/pages\/2209\/revisions\/6213"}],"wp:attachment":[{"href":"https:\/\/tresor.mr\/ar\/wp-json\/wp\/v2\/media?parent=2209"}],"curies":[{"name":"wp","href":"https:\/\/api.w.org\/{rel}","templated":true}]}}